{"id":1058,"date":"2024-03-03T10:11:30","date_gmt":"2024-03-03T15:11:30","guid":{"rendered":"https:\/\/carlosdanielsanchez.com\/?post_type=product&#038;p=1058"},"modified":"2024-03-03T10:22:17","modified_gmt":"2024-03-03T15:22:17","slug":"renault-duster-zen1-600cc-16v-modelo-2022-20-000-km","status":"publish","type":"product","link":"https:\/\/carlosdanielsanchez.com\/index.php\/producto\/renault-duster-zen1-600cc-16v-modelo-2022-20-000-km\/","title":{"rendered":"Renault Duster Zen 1.600cc 16v \u2013 Modelo 2022 \u2013 20.000 km"},"content":{"rendered":"","protected":false},"excerpt":{"rendered":"<h3>Unico Due\u00f1o<\/h3>\n<h3>Detalles del Veh\u00edculo<\/h3>\n<table>\n<tbody>\n<tr>\n<th>Caracter\u00edstica<\/th>\n<th>Descripci\u00f3n<\/th>\n<\/tr>\n<tr>\n<td>Marca<\/td>\n<td>Renault<\/td>\n<\/tr>\n<tr>\n<td>Modelo<\/td>\n<td>\n<h4>Renault Duster Zen<\/h4>\n<\/td>\n<\/tr>\n<tr>\n<td>A\u00f1o<\/td>\n<td>2022<\/td>\n<\/tr>\n<tr>\n<td>Versi\u00f3n<\/td>\n<td>\n<h4>Zen<\/h4>\n<\/td>\n<\/tr>\n<tr>\n<td>Color<\/td>\n<td>Beige Dune<\/td>\n<\/tr>\n<tr>\n<td>Tipo de combustible<\/td>\n<td>Gasolina<\/td>\n<\/tr>\n<tr>\n<td>Puertas<\/td>\n<td>5<\/td>\n<\/tr>\n<tr>\n<td>Transmisi\u00f3n<\/td>\n<td>Mecanica<\/td>\n<\/tr>\n<tr>\n<td>Cilindraje<\/td>\n<td>1598cc<\/td>\n<\/tr>\n<tr>\n<td>Kilometros<\/td>\n<td>20.000 kms<\/td>\n<\/tr>\n<tr>\n<td>Potencia<\/td>\n<td>111hp@5500 rpm<\/td>\n<\/tr>\n<tr>\n<td>Combustible<\/td>\n<td>Gasolina<\/td>\n<\/tr>\n<tr>\n<td>Tracci\u00f3n<\/td>\n<td>4\u00d72<\/td>\n<\/tr>\n<tr>\n<td>Airbag<\/td>\n<td>2<\/td>\n<\/tr>\n<\/tbody>\n<\/table>\n<p>&nbsp;<\/p>\n","protected":false},"featured_media":1059,"template":"","meta":{"content-type":"","site-sidebar-layout":"default","site-content-layout":"","ast-site-content-layout":"default","site-content-style":"default","site-sidebar-style":"default","ast-global-header-display":"","ast-banner-title-visibility":"","ast-main-header-display":"","ast-hfb-above-header-display":"","ast-hfb-below-header-display":"","ast-hfb-mobile-header-display":"","site-post-title":"","ast-breadcrumbs-content":"","ast-featured-img":"","footer-sml-layout":"","theme-transparent-header-meta":"default","adv-header-id-meta":"","stick-header-meta":"","header-above-stick-meta":"","header-main-stick-meta":"","header-below-stick-meta":"","astra-migrate-meta-layouts":"set","ast-page-background-enabled":"default","ast-page-background-meta":{"desktop":{"background-color":"","background-image":"","background-repeat":"repeat","background-position":"center center","background-size":"auto","background-attachment":"scroll","background-type":"","background-media":"","overlay-type":"","overlay-color":"","overlay-gradient":""},"tablet":{"background-color":"","background-image":"","background-repeat":"repeat","background-position":"center center","background-size":"auto","background-attachment":"scroll","background-type":"","background-media":"","overlay-type":"","overlay-color":"","overlay-gradient":""},"mobile":{"background-color":"","background-image":"","background-repeat":"repeat","background-position":"center center","background-size":"auto","background-attachment":"scroll","background-type":"","background-media":"","overlay-type":"","overlay-color":"","overlay-gradient":""}},"ast-content-background-meta":{"desktop":{"background-color":"var(--ast-global-color-5)","background-image":"","background-repeat":"repeat","background-position":"center center","background-size":"auto","background-attachment":"scroll","background-type":"","background-media":"","overlay-type":"","overlay-color":"","overlay-gradient":""},"tablet":{"background-color":"var(--ast-global-color-5)","background-image":"","background-repeat":"repeat","background-position":"center center","background-size":"auto","background-attachment":"scroll","background-type":"","background-media":"","overlay-type":"","overlay-color":"","overlay-gradient":""},"mobile":{"background-color":"var(--ast-global-color-5)","background-image":"","background-repeat":"repeat","background-position":"center center","background-size":"auto","background-attachment":"scroll","background-type":"","background-media":"","overlay-type":"","overlay-color":"","overlay-gradient":""}}},"pwb-brand":[34],"product_cat":[22],"product_tag":[28,24,35],"class_list":{"0":"post-1058","1":"product","2":"type-product","3":"status-publish","4":"has-post-thumbnail","6":"pwb-brand-renault","7":"product_cat-usadoparticular","8":"product_tag-duster","9":"product_tag-renault","10":"product_tag-unico-dueno","11":"desktop-align-left","12":"tablet-align-left","13":"mobile-align-left","15":"first","16":"instock","17":"sold-individually","18":"shipping-taxable","19":"purchasable","20":"product-type-simple"},"yoast_head":"<!-- This site is optimized with the Yoast SEO plugin v23.9 - https:\/\/yoast.com\/wordpress\/plugins\/seo\/ -->\n<title>Renault Duster Zen 1.600cc 16v \u2013 Modelo 2022 \u2013 20.000 km - Portafolio de Carlos Daniel Sanchez<\/title>\n<meta name=\"description\" content=\"En venta, RENAULT DUSTER 2022, Unico due\u00f1o, documentaci\u00f3n al dia, se encuentra en perfecto estado, tanto mec\u00e1nico como est\u00e9tico. Full Mantenimiento\" \/>\n<meta name=\"robots\" content=\"index, follow, max-snippet:-1, max-image-preview:large, max-video-preview:-1\" \/>\n<link rel=\"canonical\" href=\"https:\/\/carlosdanielsanchez.com\/index.php\/producto\/renault-duster-zen1-600cc-16v-modelo-2022-20-000-km\/\" \/>\n<meta property=\"og:locale\" content=\"es_ES\" \/>\n<meta property=\"og:type\" content=\"article\" \/>\n<meta property=\"og:title\" content=\"Renault Duster Zen 1.600cc 16v \u2013 Modelo 2022 \u2013 20.000 km - Portafolio de Carlos Daniel Sanchez\" \/>\n<meta property=\"og:description\" content=\"En venta, RENAULT DUSTER 2022, Unico due\u00f1o, documentaci\u00f3n al dia, se encuentra en perfecto estado, tanto mec\u00e1nico como est\u00e9tico. Full Mantenimiento\" \/>\n<meta property=\"og:url\" content=\"https:\/\/carlosdanielsanchez.com\/index.php\/producto\/renault-duster-zen1-600cc-16v-modelo-2022-20-000-km\/\" \/>\n<meta property=\"og:site_name\" content=\"Portafolio de Carlos Daniel Sanchez\" \/>\n<meta property=\"article:modified_time\" content=\"2024-03-03T15:22:17+00:00\" \/>\n<meta property=\"og:image\" content=\"http:\/\/carlosdanielsanchez.com\/wp-content\/uploads\/2024\/03\/Imagen5-1024x761.png\" \/>\n\t<meta property=\"og:image:width\" content=\"1024\" \/>\n\t<meta property=\"og:image:height\" content=\"761\" \/>\n\t<meta property=\"og:image:type\" content=\"image\/png\" \/>\n<meta name=\"twitter:card\" content=\"summary_large_image\" \/>\n<meta name=\"twitter:label1\" content=\"Tiempo de lectura\" \/>\n\t<meta name=\"twitter:data1\" content=\"1 minuto\" \/>\n<script type=\"application\/ld+json\" class=\"yoast-schema-graph\">{\"@context\":\"https:\/\/schema.org\",\"@graph\":[{\"@type\":\"WebPage\",\"@id\":\"https:\/\/carlosdanielsanchez.com\/index.php\/producto\/renault-duster-zen1-600cc-16v-modelo-2022-20-000-km\/\",\"url\":\"https:\/\/carlosdanielsanchez.com\/index.php\/producto\/renault-duster-zen1-600cc-16v-modelo-2022-20-000-km\/\",\"name\":\"Renault Duster Zen 1.600cc 16v \u2013 Modelo 2022 \u2013 20.000 km - Portafolio de Carlos Daniel Sanchez\",\"isPartOf\":{\"@id\":\"https:\/\/carlosdanielsanchez.com\/#website\"},\"primaryImageOfPage\":{\"@id\":\"https:\/\/carlosdanielsanchez.com\/index.php\/producto\/renault-duster-zen1-600cc-16v-modelo-2022-20-000-km\/#primaryimage\"},\"image\":{\"@id\":\"https:\/\/carlosdanielsanchez.com\/index.php\/producto\/renault-duster-zen1-600cc-16v-modelo-2022-20-000-km\/#primaryimage\"},\"thumbnailUrl\":\"https:\/\/i0.wp.com\/carlosdanielsanchez.com\/wp-content\/uploads\/2024\/03\/Imagen5.png?fit=2054%2C1527&ssl=1\",\"datePublished\":\"2024-03-03T15:11:30+00:00\",\"dateModified\":\"2024-03-03T15:22:17+00:00\",\"description\":\"En venta, RENAULT DUSTER 2022, Unico due\u00f1o, documentaci\u00f3n al dia, se encuentra en perfecto estado, tanto mec\u00e1nico como est\u00e9tico. Full Mantenimiento\",\"breadcrumb\":{\"@id\":\"https:\/\/carlosdanielsanchez.com\/index.php\/producto\/renault-duster-zen1-600cc-16v-modelo-2022-20-000-km\/#breadcrumb\"},\"inLanguage\":\"es\",\"potentialAction\":[{\"@type\":\"ReadAction\",\"target\":[\"https:\/\/carlosdanielsanchez.com\/index.php\/producto\/renault-duster-zen1-600cc-16v-modelo-2022-20-000-km\/\"]}]},{\"@type\":\"ImageObject\",\"inLanguage\":\"es\",\"@id\":\"https:\/\/carlosdanielsanchez.com\/index.php\/producto\/renault-duster-zen1-600cc-16v-modelo-2022-20-000-km\/#primaryimage\",\"url\":\"https:\/\/i0.wp.com\/carlosdanielsanchez.com\/wp-content\/uploads\/2024\/03\/Imagen5.png?fit=2054%2C1527&ssl=1\",\"contentUrl\":\"https:\/\/i0.wp.com\/carlosdanielsanchez.com\/wp-content\/uploads\/2024\/03\/Imagen5.png?fit=2054%2C1527&ssl=1\",\"width\":2054,\"height\":1527,\"caption\":\"Renault Duster\"},{\"@type\":\"BreadcrumbList\",\"@id\":\"https:\/\/carlosdanielsanchez.com\/index.php\/producto\/renault-duster-zen1-600cc-16v-modelo-2022-20-000-km\/#breadcrumb\",\"itemListElement\":[{\"@type\":\"ListItem\",\"position\":1,\"name\":\"Portada\",\"item\":\"https:\/\/carlosdanielsanchez.com\/\"},{\"@type\":\"ListItem\",\"position\":2,\"name\":\"Garaje\",\"item\":\"https:\/\/carlosdanielsanchez.com\/index.php\/tienda\/\"},{\"@type\":\"ListItem\",\"position\":3,\"name\":\"Renault Duster Zen 1.600cc 16v \u2013 Modelo 2022 \u2013 20.000 km\"}]},{\"@type\":\"WebSite\",\"@id\":\"https:\/\/carlosdanielsanchez.com\/#website\",\"url\":\"https:\/\/carlosdanielsanchez.com\/\",\"name\":\"Portafolio de Carlos Daniel Sanchez\",\"description\":\"Conoce un poco de mi mundo, Autos y Software\",\"publisher\":{\"@id\":\"https:\/\/carlosdanielsanchez.com\/#\/schema\/person\/09532f659feefd3fbf4f127f3889b99a\"},\"potentialAction\":[{\"@type\":\"SearchAction\",\"target\":{\"@type\":\"EntryPoint\",\"urlTemplate\":\"https:\/\/carlosdanielsanchez.com\/?s={search_term_string}\"},\"query-input\":{\"@type\":\"PropertyValueSpecification\",\"valueRequired\":true,\"valueName\":\"search_term_string\"}}],\"inLanguage\":\"es\"},{\"@type\":[\"Person\",\"Organization\"],\"@id\":\"https:\/\/carlosdanielsanchez.com\/#\/schema\/person\/09532f659feefd3fbf4f127f3889b99a\",\"name\":\"Carlos Daniel Sanchez\",\"image\":{\"@type\":\"ImageObject\",\"inLanguage\":\"es\",\"@id\":\"https:\/\/carlosdanielsanchez.com\/#\/schema\/person\/image\/\",\"url\":\"https:\/\/i0.wp.com\/carlosdanielsanchez.com\/wp-content\/uploads\/2021\/04\/cropped-Logo-Carlos-daniel-sanchez.png?fit=400%2C62&ssl=1\",\"contentUrl\":\"https:\/\/i0.wp.com\/carlosdanielsanchez.com\/wp-content\/uploads\/2021\/04\/cropped-Logo-Carlos-daniel-sanchez.png?fit=400%2C62&ssl=1\",\"width\":400,\"height\":62,\"caption\":\"Carlos Daniel Sanchez\"},\"logo\":{\"@id\":\"https:\/\/carlosdanielsanchez.com\/#\/schema\/person\/image\/\"},\"sameAs\":[\"http:\/\/carlosdanielsanchez.com\"]}]}<\/script>\n<!-- \/ Yoast SEO plugin. -->","yoast_head_json":{"title":"Renault Duster Zen 1.600cc 16v \u2013 Modelo 2022 \u2013 20.000 km - Portafolio de Carlos Daniel Sanchez","description":"En venta, RENAULT DUSTER 2022, Unico due\u00f1o, documentaci\u00f3n al dia, se encuentra en perfecto estado, tanto mec\u00e1nico como est\u00e9tico. Full Mantenimiento","robots":{"index":"index","follow":"follow","max-snippet":"max-snippet:-1","max-image-preview":"max-image-preview:large","max-video-preview":"max-video-preview:-1"},"canonical":"https:\/\/carlosdanielsanchez.com\/index.php\/producto\/renault-duster-zen1-600cc-16v-modelo-2022-20-000-km\/","og_locale":"es_ES","og_type":"article","og_title":"Renault Duster Zen 1.600cc 16v \u2013 Modelo 2022 \u2013 20.000 km - Portafolio de Carlos Daniel Sanchez","og_description":"En venta, RENAULT DUSTER 2022, Unico due\u00f1o, documentaci\u00f3n al dia, se encuentra en perfecto estado, tanto mec\u00e1nico como est\u00e9tico. Full Mantenimiento","og_url":"https:\/\/carlosdanielsanchez.com\/index.php\/producto\/renault-duster-zen1-600cc-16v-modelo-2022-20-000-km\/","og_site_name":"Portafolio de Carlos Daniel Sanchez","article_modified_time":"2024-03-03T15:22:17+00:00","og_image":[{"width":1024,"height":761,"url":"http:\/\/carlosdanielsanchez.com\/wp-content\/uploads\/2024\/03\/Imagen5-1024x761.png","type":"image\/png"}],"twitter_card":"summary_large_image","twitter_misc":{"Tiempo de lectura":"1 minuto"},"schema":{"@context":"https:\/\/schema.org","@graph":[{"@type":"WebPage","@id":"https:\/\/carlosdanielsanchez.com\/index.php\/producto\/renault-duster-zen1-600cc-16v-modelo-2022-20-000-km\/","url":"https:\/\/carlosdanielsanchez.com\/index.php\/producto\/renault-duster-zen1-600cc-16v-modelo-2022-20-000-km\/","name":"Renault Duster Zen 1.600cc 16v \u2013 Modelo 2022 \u2013 20.000 km - Portafolio de Carlos Daniel Sanchez","isPartOf":{"@id":"https:\/\/carlosdanielsanchez.com\/#website"},"primaryImageOfPage":{"@id":"https:\/\/carlosdanielsanchez.com\/index.php\/producto\/renault-duster-zen1-600cc-16v-modelo-2022-20-000-km\/#primaryimage"},"image":{"@id":"https:\/\/carlosdanielsanchez.com\/index.php\/producto\/renault-duster-zen1-600cc-16v-modelo-2022-20-000-km\/#primaryimage"},"thumbnailUrl":"https:\/\/i0.wp.com\/carlosdanielsanchez.com\/wp-content\/uploads\/2024\/03\/Imagen5.png?fit=2054%2C1527&ssl=1","datePublished":"2024-03-03T15:11:30+00:00","dateModified":"2024-03-03T15:22:17+00:00","description":"En venta, RENAULT DUSTER 2022, Unico due\u00f1o, documentaci\u00f3n al dia, se encuentra en perfecto estado, tanto mec\u00e1nico como est\u00e9tico. Full Mantenimiento","breadcrumb":{"@id":"https:\/\/carlosdanielsanchez.com\/index.php\/producto\/renault-duster-zen1-600cc-16v-modelo-2022-20-000-km\/#breadcrumb"},"inLanguage":"es","potentialAction":[{"@type":"ReadAction","target":["https:\/\/carlosdanielsanchez.com\/index.php\/producto\/renault-duster-zen1-600cc-16v-modelo-2022-20-000-km\/"]}]},{"@type":"ImageObject","inLanguage":"es","@id":"https:\/\/carlosdanielsanchez.com\/index.php\/producto\/renault-duster-zen1-600cc-16v-modelo-2022-20-000-km\/#primaryimage","url":"https:\/\/i0.wp.com\/carlosdanielsanchez.com\/wp-content\/uploads\/2024\/03\/Imagen5.png?fit=2054%2C1527&ssl=1","contentUrl":"https:\/\/i0.wp.com\/carlosdanielsanchez.com\/wp-content\/uploads\/2024\/03\/Imagen5.png?fit=2054%2C1527&ssl=1","width":2054,"height":1527,"caption":"Renault Duster"},{"@type":"BreadcrumbList","@id":"https:\/\/carlosdanielsanchez.com\/index.php\/producto\/renault-duster-zen1-600cc-16v-modelo-2022-20-000-km\/#breadcrumb","itemListElement":[{"@type":"ListItem","position":1,"name":"Portada","item":"https:\/\/carlosdanielsanchez.com\/"},{"@type":"ListItem","position":2,"name":"Garaje","item":"https:\/\/carlosdanielsanchez.com\/index.php\/tienda\/"},{"@type":"ListItem","position":3,"name":"Renault Duster Zen 1.600cc 16v \u2013 Modelo 2022 \u2013 20.000 km"}]},{"@type":"WebSite","@id":"https:\/\/carlosdanielsanchez.com\/#website","url":"https:\/\/carlosdanielsanchez.com\/","name":"Portafolio de Carlos Daniel Sanchez","description":"Conoce un poco de mi mundo, Autos y Software","publisher":{"@id":"https:\/\/carlosdanielsanchez.com\/#\/schema\/person\/09532f659feefd3fbf4f127f3889b99a"},"potentialAction":[{"@type":"SearchAction","target":{"@type":"EntryPoint","urlTemplate":"https:\/\/carlosdanielsanchez.com\/?s={search_term_string}"},"query-input":{"@type":"PropertyValueSpecification","valueRequired":true,"valueName":"search_term_string"}}],"inLanguage":"es"},{"@type":["Person","Organization"],"@id":"https:\/\/carlosdanielsanchez.com\/#\/schema\/person\/09532f659feefd3fbf4f127f3889b99a","name":"Carlos Daniel Sanchez","image":{"@type":"ImageObject","inLanguage":"es","@id":"https:\/\/carlosdanielsanchez.com\/#\/schema\/person\/image\/","url":"https:\/\/i0.wp.com\/carlosdanielsanchez.com\/wp-content\/uploads\/2021\/04\/cropped-Logo-Carlos-daniel-sanchez.png?fit=400%2C62&ssl=1","contentUrl":"https:\/\/i0.wp.com\/carlosdanielsanchez.com\/wp-content\/uploads\/2021\/04\/cropped-Logo-Carlos-daniel-sanchez.png?fit=400%2C62&ssl=1","width":400,"height":62,"caption":"Carlos Daniel Sanchez"},"logo":{"@id":"https:\/\/carlosdanielsanchez.com\/#\/schema\/person\/image\/"},"sameAs":["http:\/\/carlosdanielsanchez.com"]}]}},"jetpack_sharing_enabled":true,"jetpack-related-posts":[],"brands":[{"id":34,"name":"Renault","slug":"renault"}],"_links":{"self":[{"href":"https:\/\/carlosdanielsanchez.com\/index.php\/wp-json\/wp\/v2\/product\/1058"}],"collection":[{"href":"https:\/\/carlosdanielsanchez.com\/index.php\/wp-json\/wp\/v2\/product"}],"about":[{"href":"https:\/\/carlosdanielsanchez.com\/index.php\/wp-json\/wp\/v2\/types\/product"}],"wp:featuredmedia":[{"embeddable":true,"href":"https:\/\/carlosdanielsanchez.com\/index.php\/wp-json\/wp\/v2\/media\/1059"}],"wp:attachment":[{"href":"https:\/\/carlosdanielsanchez.com\/index.php\/wp-json\/wp\/v2\/media?parent=1058"}],"wp:term":[{"taxonomy":"pwb-brand","embeddable":true,"href":"https:\/\/carlosdanielsanchez.com\/index.php\/wp-json\/wp\/v2\/pwb-brand?post=1058"},{"taxonomy":"product_cat","embeddable":true,"href":"https:\/\/carlosdanielsanchez.com\/index.php\/wp-json\/wp\/v2\/product_cat?post=1058"},{"taxonomy":"product_tag","embeddable":true,"href":"https:\/\/carlosdanielsanchez.com\/index.php\/wp-json\/wp\/v2\/product_tag?post=1058"}],"curies":[{"name":"wp","href":"https:\/\/api.w.org\/{rel}","templated":true}]}}