{"id":484,"date":"2023-09-09T17:11:34","date_gmt":"2023-09-09T22:11:34","guid":{"rendered":"https:\/\/carlosdanielsanchez.com\/?post_type=product&#038;p=484"},"modified":"2023-09-09T17:13:54","modified_gmt":"2023-09-09T22:13:54","slug":"duster-dynamique-4x4-2-0","status":"publish","type":"product","link":"https:\/\/carlosdanielsanchez.com\/index.php\/producto\/duster-dynamique-4x4-2-0\/","title":{"rendered":"Duster Dynamique 4&#215;4 2.0"},"content":{"rendered":"<p>\u00abDescubre la aventura en su forma m\u00e1s pura con la Renault Duster 4&#215;4 modelo 2018. Este vers\u00e1til SUV combina el caracter urbano con la fuerza todoterreno. Su dise\u00f1o robusto y su tracci\u00f3n integral te llevar\u00e1n m\u00e1s all\u00e1 de los l\u00edmites de lo ordinario. Con un interior espacioso y comodidades de primera clase, cada viaje se convierte en una experiencia excepcional. La Renault Duster 4&#215;4 es la compa\u00f1era perfecta para explorar nuevos horizontes y conquistar cualquier terreno. \u00bfEst\u00e1s listo para dar rienda suelta a tu esp\u00edritu aventurero?\u00bb<\/p>\n","protected":false},"excerpt":{"rendered":"<h5>Precio Negociable<\/h5>\n<h3>Detalles del Veh\u00edculo<\/h3>\n<p><strong>Nota Importante<\/strong>: el vehiculo fue anteriormente de <strong>servicio publico<\/strong>, desde el 21 de julio de 2022 se hizo cambio de servicio a <strong>servicio particular<\/strong>.<\/p>\n<table>\n<tbody>\n<tr>\n<th>Caracter\u00edstica<\/th>\n<th>Descripci\u00f3n<\/th>\n<\/tr>\n<tr>\n<td>Marca<\/td>\n<td>Renault<\/td>\n<\/tr>\n<tr>\n<td>Modelo<\/td>\n<td>Duster<\/td>\n<\/tr>\n<tr>\n<td>A\u00f1o<\/td>\n<td>2018<\/td>\n<\/tr>\n<tr>\n<td>Versi\u00f3n<\/td>\n<td>Dynamique<\/td>\n<\/tr>\n<tr>\n<td>Color<\/td>\n<td>Blanco<\/td>\n<\/tr>\n<tr>\n<td>Tipo de combustible<\/td>\n<td>Gasolina<\/td>\n<\/tr>\n<tr>\n<td>Puertas<\/td>\n<td>5<\/td>\n<\/tr>\n<tr>\n<td>Transmisi\u00f3n<\/td>\n<td>Mec\u00e1nica<\/td>\n<\/tr>\n<tr>\n<td>Cilindraje<\/td>\n<td>2000cc<\/td>\n<\/tr>\n<tr>\n<td>Kilometros<\/td>\n<td>135.000<\/td>\n<\/tr>\n<\/tbody>\n<\/table>\n<p>&nbsp;<\/p>\n","protected":false},"featured_media":493,"template":"","meta":{"content-type":"","site-sidebar-layout":"default","site-content-layout":"","ast-site-content-layout":"default","site-content-style":"default","site-sidebar-style":"default","ast-global-header-display":"","ast-banner-title-visibility":"","ast-main-header-display":"","ast-hfb-above-header-display":"","ast-hfb-below-header-display":"","ast-hfb-mobile-header-display":"","site-post-title":"","ast-breadcrumbs-content":"","ast-featured-img":"","footer-sml-layout":"","theme-transparent-header-meta":"default","adv-header-id-meta":"","stick-header-meta":"","header-above-stick-meta":"","header-main-stick-meta":"","header-below-stick-meta":"","astra-migrate-meta-layouts":"set","ast-page-background-enabled":"default","ast-page-background-meta":{"desktop":{"background-color":"","background-image":"","background-repeat":"repeat","background-position":"center center","background-size":"auto","background-attachment":"scroll","background-type":"","background-media":"","overlay-type":"","overlay-color":"","overlay-gradient":""},"tablet":{"background-color":"","background-image":"","background-repeat":"repeat","background-position":"center center","background-size":"auto","background-attachment":"scroll","background-type":"","background-media":"","overlay-type":"","overlay-color":"","overlay-gradient":""},"mobile":{"background-color":"","background-image":"","background-repeat":"repeat","background-position":"center center","background-size":"auto","background-attachment":"scroll","background-type":"","background-media":"","overlay-type":"","overlay-color":"","overlay-gradient":""}},"ast-content-background-meta":{"desktop":{"background-color":"var(--ast-global-color-5)","background-image":"","background-repeat":"repeat","background-position":"center center","background-size":"auto","background-attachment":"scroll","background-type":"","background-media":"","overlay-type":"","overlay-color":"","overlay-gradient":""},"tablet":{"background-color":"var(--ast-global-color-5)","background-image":"","background-repeat":"repeat","background-position":"center center","background-size":"auto","background-attachment":"scroll","background-type":"","background-media":"","overlay-type":"","overlay-color":"","overlay-gradient":""},"mobile":{"background-color":"var(--ast-global-color-5)","background-image":"","background-repeat":"repeat","background-position":"center center","background-size":"auto","background-attachment":"scroll","background-type":"","background-media":"","overlay-type":"","overlay-color":"","overlay-gradient":""}}},"pwb-brand":[],"product_cat":[22],"product_tag":[],"class_list":{"0":"post-484","1":"product","2":"type-product","3":"status-publish","4":"has-post-thumbnail","6":"product_cat-usadoparticular","7":"desktop-align-left","8":"tablet-align-left","9":"mobile-align-left","11":"first","12":"instock","13":"shipping-taxable","14":"purchasable","15":"product-type-simple"},"yoast_head":"<!-- This site is optimized with the Yoast SEO plugin v23.9 - https:\/\/yoast.com\/wordpress\/plugins\/seo\/ -->\n<title>Duster Dynamique 4x4 2.0 - Portafolio de Carlos Daniel Sanchez<\/title>\n<meta name=\"robots\" content=\"index, follow, max-snippet:-1, max-image-preview:large, max-video-preview:-1\" \/>\n<link rel=\"canonical\" href=\"https:\/\/carlosdanielsanchez.com\/index.php\/producto\/duster-dynamique-4x4-2-0\/\" \/>\n<meta property=\"og:locale\" content=\"es_ES\" \/>\n<meta property=\"og:type\" content=\"article\" \/>\n<meta property=\"og:title\" content=\"Duster Dynamique 4x4 2.0 - Portafolio de Carlos Daniel Sanchez\" \/>\n<meta property=\"og:description\" content=\"Precio Negociable Detalles del Veh\u00edculo Nota Importante: el vehiculo fue anteriormente de servicio publico, desde el 21 de julio de 2022 se hizo cambio de servicio a servicio particular.    Caracter\u00edstica Descripci\u00f3n   Marca Renault   Modelo Duster   A\u00f1o 2018   Versi\u00f3n Dynamique   Color Blanco   Tipo de combustible Gasolina   Puertas 5   Transmisi\u00f3n Mec\u00e1nica   Cilindraje 2000cc   Kilometros 135.000    &nbsp;\" \/>\n<meta property=\"og:url\" content=\"https:\/\/carlosdanielsanchez.com\/index.php\/producto\/duster-dynamique-4x4-2-0\/\" \/>\n<meta property=\"og:site_name\" content=\"Portafolio de Carlos Daniel Sanchez\" \/>\n<meta property=\"article:modified_time\" content=\"2023-09-09T22:13:54+00:00\" \/>\n<meta property=\"og:image\" content=\"http:\/\/carlosdanielsanchez.com\/wp-content\/uploads\/2023\/09\/duster4x4.png\" \/>\n\t<meta property=\"og:image:width\" content=\"642\" \/>\n\t<meta property=\"og:image:height\" content=\"388\" \/>\n\t<meta property=\"og:image:type\" content=\"image\/png\" \/>\n<meta name=\"twitter:card\" content=\"summary_large_image\" \/>\n<meta name=\"twitter:label1\" content=\"Tiempo de lectura\" \/>\n\t<meta name=\"twitter:data1\" content=\"1 minuto\" \/>\n<script type=\"application\/ld+json\" class=\"yoast-schema-graph\">{\"@context\":\"https:\/\/schema.org\",\"@graph\":[{\"@type\":\"WebPage\",\"@id\":\"https:\/\/carlosdanielsanchez.com\/index.php\/producto\/duster-dynamique-4x4-2-0\/\",\"url\":\"https:\/\/carlosdanielsanchez.com\/index.php\/producto\/duster-dynamique-4x4-2-0\/\",\"name\":\"Duster Dynamique 4x4 2.0 - Portafolio de Carlos Daniel Sanchez\",\"isPartOf\":{\"@id\":\"https:\/\/carlosdanielsanchez.com\/#website\"},\"primaryImageOfPage\":{\"@id\":\"https:\/\/carlosdanielsanchez.com\/index.php\/producto\/duster-dynamique-4x4-2-0\/#primaryimage\"},\"image\":{\"@id\":\"https:\/\/carlosdanielsanchez.com\/index.php\/producto\/duster-dynamique-4x4-2-0\/#primaryimage\"},\"thumbnailUrl\":\"https:\/\/i0.wp.com\/carlosdanielsanchez.com\/wp-content\/uploads\/2023\/09\/duster4x4.png?fit=642%2C388&ssl=1\",\"datePublished\":\"2023-09-09T22:11:34+00:00\",\"dateModified\":\"2023-09-09T22:13:54+00:00\",\"breadcrumb\":{\"@id\":\"https:\/\/carlosdanielsanchez.com\/index.php\/producto\/duster-dynamique-4x4-2-0\/#breadcrumb\"},\"inLanguage\":\"es\",\"potentialAction\":[{\"@type\":\"ReadAction\",\"target\":[\"https:\/\/carlosdanielsanchez.com\/index.php\/producto\/duster-dynamique-4x4-2-0\/\"]}]},{\"@type\":\"ImageObject\",\"inLanguage\":\"es\",\"@id\":\"https:\/\/carlosdanielsanchez.com\/index.php\/producto\/duster-dynamique-4x4-2-0\/#primaryimage\",\"url\":\"https:\/\/i0.wp.com\/carlosdanielsanchez.com\/wp-content\/uploads\/2023\/09\/duster4x4.png?fit=642%2C388&ssl=1\",\"contentUrl\":\"https:\/\/i0.wp.com\/carlosdanielsanchez.com\/wp-content\/uploads\/2023\/09\/duster4x4.png?fit=642%2C388&ssl=1\",\"width\":642,\"height\":388},{\"@type\":\"BreadcrumbList\",\"@id\":\"https:\/\/carlosdanielsanchez.com\/index.php\/producto\/duster-dynamique-4x4-2-0\/#breadcrumb\",\"itemListElement\":[{\"@type\":\"ListItem\",\"position\":1,\"name\":\"Portada\",\"item\":\"https:\/\/carlosdanielsanchez.com\/\"},{\"@type\":\"ListItem\",\"position\":2,\"name\":\"Garaje\",\"item\":\"https:\/\/carlosdanielsanchez.com\/index.php\/tienda\/\"},{\"@type\":\"ListItem\",\"position\":3,\"name\":\"Duster Dynamique 4&#215;4 2.0\"}]},{\"@type\":\"WebSite\",\"@id\":\"https:\/\/carlosdanielsanchez.com\/#website\",\"url\":\"https:\/\/carlosdanielsanchez.com\/\",\"name\":\"Portafolio de Carlos Daniel Sanchez\",\"description\":\"Conoce un poco de mi mundo, Autos y Software\",\"publisher\":{\"@id\":\"https:\/\/carlosdanielsanchez.com\/#\/schema\/person\/09532f659feefd3fbf4f127f3889b99a\"},\"potentialAction\":[{\"@type\":\"SearchAction\",\"target\":{\"@type\":\"EntryPoint\",\"urlTemplate\":\"https:\/\/carlosdanielsanchez.com\/?s={search_term_string}\"},\"query-input\":{\"@type\":\"PropertyValueSpecification\",\"valueRequired\":true,\"valueName\":\"search_term_string\"}}],\"inLanguage\":\"es\"},{\"@type\":[\"Person\",\"Organization\"],\"@id\":\"https:\/\/carlosdanielsanchez.com\/#\/schema\/person\/09532f659feefd3fbf4f127f3889b99a\",\"name\":\"Carlos Daniel Sanchez\",\"image\":{\"@type\":\"ImageObject\",\"inLanguage\":\"es\",\"@id\":\"https:\/\/carlosdanielsanchez.com\/#\/schema\/person\/image\/\",\"url\":\"https:\/\/i0.wp.com\/carlosdanielsanchez.com\/wp-content\/uploads\/2021\/04\/cropped-Logo-Carlos-daniel-sanchez.png?fit=400%2C62&ssl=1\",\"contentUrl\":\"https:\/\/i0.wp.com\/carlosdanielsanchez.com\/wp-content\/uploads\/2021\/04\/cropped-Logo-Carlos-daniel-sanchez.png?fit=400%2C62&ssl=1\",\"width\":400,\"height\":62,\"caption\":\"Carlos Daniel Sanchez\"},\"logo\":{\"@id\":\"https:\/\/carlosdanielsanchez.com\/#\/schema\/person\/image\/\"},\"sameAs\":[\"http:\/\/carlosdanielsanchez.com\"]}]}<\/script>\n<!-- \/ Yoast SEO plugin. -->","yoast_head_json":{"title":"Duster Dynamique 4x4 2.0 - Portafolio de Carlos Daniel Sanchez","robots":{"index":"index","follow":"follow","max-snippet":"max-snippet:-1","max-image-preview":"max-image-preview:large","max-video-preview":"max-video-preview:-1"},"canonical":"https:\/\/carlosdanielsanchez.com\/index.php\/producto\/duster-dynamique-4x4-2-0\/","og_locale":"es_ES","og_type":"article","og_title":"Duster Dynamique 4x4 2.0 - Portafolio de Carlos Daniel Sanchez","og_description":"Precio Negociable Detalles del Veh\u00edculo Nota Importante: el vehiculo fue anteriormente de servicio publico, desde el 21 de julio de 2022 se hizo cambio de servicio a servicio particular.    Caracter\u00edstica Descripci\u00f3n   Marca Renault   Modelo Duster   A\u00f1o 2018   Versi\u00f3n Dynamique   Color Blanco   Tipo de combustible Gasolina   Puertas 5   Transmisi\u00f3n Mec\u00e1nica   Cilindraje 2000cc   Kilometros 135.000    &nbsp;","og_url":"https:\/\/carlosdanielsanchez.com\/index.php\/producto\/duster-dynamique-4x4-2-0\/","og_site_name":"Portafolio de Carlos Daniel Sanchez","article_modified_time":"2023-09-09T22:13:54+00:00","og_image":[{"width":642,"height":388,"url":"http:\/\/carlosdanielsanchez.com\/wp-content\/uploads\/2023\/09\/duster4x4.png","type":"image\/png"}],"twitter_card":"summary_large_image","twitter_misc":{"Tiempo de lectura":"1 minuto"},"schema":{"@context":"https:\/\/schema.org","@graph":[{"@type":"WebPage","@id":"https:\/\/carlosdanielsanchez.com\/index.php\/producto\/duster-dynamique-4x4-2-0\/","url":"https:\/\/carlosdanielsanchez.com\/index.php\/producto\/duster-dynamique-4x4-2-0\/","name":"Duster Dynamique 4x4 2.0 - Portafolio de Carlos Daniel Sanchez","isPartOf":{"@id":"https:\/\/carlosdanielsanchez.com\/#website"},"primaryImageOfPage":{"@id":"https:\/\/carlosdanielsanchez.com\/index.php\/producto\/duster-dynamique-4x4-2-0\/#primaryimage"},"image":{"@id":"https:\/\/carlosdanielsanchez.com\/index.php\/producto\/duster-dynamique-4x4-2-0\/#primaryimage"},"thumbnailUrl":"https:\/\/i0.wp.com\/carlosdanielsanchez.com\/wp-content\/uploads\/2023\/09\/duster4x4.png?fit=642%2C388&ssl=1","datePublished":"2023-09-09T22:11:34+00:00","dateModified":"2023-09-09T22:13:54+00:00","breadcrumb":{"@id":"https:\/\/carlosdanielsanchez.com\/index.php\/producto\/duster-dynamique-4x4-2-0\/#breadcrumb"},"inLanguage":"es","potentialAction":[{"@type":"ReadAction","target":["https:\/\/carlosdanielsanchez.com\/index.php\/producto\/duster-dynamique-4x4-2-0\/"]}]},{"@type":"ImageObject","inLanguage":"es","@id":"https:\/\/carlosdanielsanchez.com\/index.php\/producto\/duster-dynamique-4x4-2-0\/#primaryimage","url":"https:\/\/i0.wp.com\/carlosdanielsanchez.com\/wp-content\/uploads\/2023\/09\/duster4x4.png?fit=642%2C388&ssl=1","contentUrl":"https:\/\/i0.wp.com\/carlosdanielsanchez.com\/wp-content\/uploads\/2023\/09\/duster4x4.png?fit=642%2C388&ssl=1","width":642,"height":388},{"@type":"BreadcrumbList","@id":"https:\/\/carlosdanielsanchez.com\/index.php\/producto\/duster-dynamique-4x4-2-0\/#breadcrumb","itemListElement":[{"@type":"ListItem","position":1,"name":"Portada","item":"https:\/\/carlosdanielsanchez.com\/"},{"@type":"ListItem","position":2,"name":"Garaje","item":"https:\/\/carlosdanielsanchez.com\/index.php\/tienda\/"},{"@type":"ListItem","position":3,"name":"Duster Dynamique 4&#215;4 2.0"}]},{"@type":"WebSite","@id":"https:\/\/carlosdanielsanchez.com\/#website","url":"https:\/\/carlosdanielsanchez.com\/","name":"Portafolio de Carlos Daniel Sanchez","description":"Conoce un poco de mi mundo, Autos y Software","publisher":{"@id":"https:\/\/carlosdanielsanchez.com\/#\/schema\/person\/09532f659feefd3fbf4f127f3889b99a"},"potentialAction":[{"@type":"SearchAction","target":{"@type":"EntryPoint","urlTemplate":"https:\/\/carlosdanielsanchez.com\/?s={search_term_string}"},"query-input":{"@type":"PropertyValueSpecification","valueRequired":true,"valueName":"search_term_string"}}],"inLanguage":"es"},{"@type":["Person","Organization"],"@id":"https:\/\/carlosdanielsanchez.com\/#\/schema\/person\/09532f659feefd3fbf4f127f3889b99a","name":"Carlos Daniel Sanchez","image":{"@type":"ImageObject","inLanguage":"es","@id":"https:\/\/carlosdanielsanchez.com\/#\/schema\/person\/image\/","url":"https:\/\/i0.wp.com\/carlosdanielsanchez.com\/wp-content\/uploads\/2021\/04\/cropped-Logo-Carlos-daniel-sanchez.png?fit=400%2C62&ssl=1","contentUrl":"https:\/\/i0.wp.com\/carlosdanielsanchez.com\/wp-content\/uploads\/2021\/04\/cropped-Logo-Carlos-daniel-sanchez.png?fit=400%2C62&ssl=1","width":400,"height":62,"caption":"Carlos Daniel Sanchez"},"logo":{"@id":"https:\/\/carlosdanielsanchez.com\/#\/schema\/person\/image\/"},"sameAs":["http:\/\/carlosdanielsanchez.com"]}]}},"jetpack_sharing_enabled":true,"jetpack-related-posts":[],"brands":[],"_links":{"self":[{"href":"https:\/\/carlosdanielsanchez.com\/index.php\/wp-json\/wp\/v2\/product\/484"}],"collection":[{"href":"https:\/\/carlosdanielsanchez.com\/index.php\/wp-json\/wp\/v2\/product"}],"about":[{"href":"https:\/\/carlosdanielsanchez.com\/index.php\/wp-json\/wp\/v2\/types\/product"}],"wp:featuredmedia":[{"embeddable":true,"href":"https:\/\/carlosdanielsanchez.com\/index.php\/wp-json\/wp\/v2\/media\/493"}],"wp:attachment":[{"href":"https:\/\/carlosdanielsanchez.com\/index.php\/wp-json\/wp\/v2\/media?parent=484"}],"wp:term":[{"taxonomy":"pwb-brand","embeddable":true,"href":"https:\/\/carlosdanielsanchez.com\/index.php\/wp-json\/wp\/v2\/pwb-brand?post=484"},{"taxonomy":"product_cat","embeddable":true,"href":"https:\/\/carlosdanielsanchez.com\/index.php\/wp-json\/wp\/v2\/product_cat?post=484"},{"taxonomy":"product_tag","embeddable":true,"href":"https:\/\/carlosdanielsanchez.com\/index.php\/wp-json\/wp\/v2\/product_tag?post=484"}],"curies":[{"name":"wp","href":"https:\/\/api.w.org\/{rel}","templated":true}]}}