{"id":506,"date":"2023-09-10T12:21:22","date_gmt":"2023-09-10T17:21:22","guid":{"rendered":"https:\/\/carlosdanielsanchez.com\/?post_type=product&#038;p=506"},"modified":"2023-09-18T12:11:06","modified_gmt":"2023-09-18T17:11:06","slug":"mazda-cx5-prime-modelo-2016","status":"publish","type":"product","link":"https:\/\/carlosdanielsanchez.com\/index.php\/producto\/mazda-cx5-prime-modelo-2016\/","title":{"rendered":"Mazda CX5 Prime &#8211; modelo 2016"},"content":{"rendered":"<p><strong>Descubre la Excelencia en Movimiento: Mazda CX-5 Prime 2016<\/strong><\/p>\n<p>\u00bfEst\u00e1s listo para experimentar la conducci\u00f3n de tus sue\u00f1os? Presentamos el Mazda CX-5 Prime, un SUV que combina elegancia, rendimiento y tecnolog\u00eda de vanguardia en un solo paquete excepcional. El Mazda CX-5 Prime modelo 2016 ha resistido la prueba del tiempo y sigue siendo una opci\u00f3n inteligente para aquellos que buscan un veh\u00edculo confiable y lleno de estilo.<\/p>\n<p><strong>Rendimiento Destacado<\/strong><\/p>\n<p>Bajo el cap\u00f3 del Mazda CX-5 Prime 2016, encontrar\u00e1s un motor potente y eficiente que ofrece una experiencia de conducci\u00f3n emocionante. Su motor SKYACTIV proporciona una potencia impresionante mientras mantiene un excelente consumo de combustible. Ya sea que est\u00e9s manejando por la ciudad o aventur\u00e1ndote en carreteras sinuosas, este SUV responde con agilidad y precisi\u00f3n.<\/p>\n<p><strong>Dise\u00f1o Sofisticado<\/strong><\/p>\n<p>El Mazda CX-5 Prime 2016 impresiona con su dise\u00f1o exterior elegante y moderno. Sus l\u00edneas aerodin\u00e1micas y su parrilla distintiva capturan la atenci\u00f3n en cualquier lugar al que vaya. El interior no se queda atr\u00e1s, con materiales de alta calidad, asientos c\u00f3modos y un espacio bien dise\u00f1ado que te hace sentir como en casa mientras viajas.<\/p>\n<p><strong>Mazda: Innovaci\u00f3n y Calidad<\/strong><\/p>\n<p>Mazda se ha ganado una reputaci\u00f3n de calidad y confiabilidad, y el Mazda CX-5 Prime 2016 no es la excepci\u00f3n. Este veh\u00edculo ha sido cuidadosamente mantenido y revisado para garantizar un rendimiento \u00f3ptimo. Adem\u00e1s, su dise\u00f1o atemporal significa que a\u00fan lucir\u00e1 moderno y atractivo en los a\u00f1os venideros.<\/p>\n<p><strong>Haz Tuyo el Mazda CX-5 Prime 2016<\/strong><\/p>\n<p>\u00bfListo para experimentar la emoci\u00f3n de conducir un Mazda CX-5 Prime modelo 2016? \u00a1No esperes m\u00e1s! Este veh\u00edculo excepcional puede ser tuyo hoy mismo. Contacta con nosotros para obtener m\u00e1s informaci\u00f3n, celular 3108960354.<\/p>\n","protected":false},"excerpt":{"rendered":"<h5>Precio Negociable<\/h5>\n<h3>Detalles del Veh\u00edculo<\/h3>\n<table>\n<tbody>\n<tr>\n<th>Caracter\u00edstica<\/th>\n<th>Descripci\u00f3n<\/th>\n<\/tr>\n<tr>\n<td>Marca<\/td>\n<td>Mazda<\/td>\n<\/tr>\n<tr>\n<td>Modelo<\/td>\n<td>CX 5<\/td>\n<\/tr>\n<tr>\n<td>A\u00f1o<\/td>\n<td>2016<\/td>\n<\/tr>\n<tr>\n<td>Versi\u00f3n<\/td>\n<td>Prime<\/td>\n<\/tr>\n<tr>\n<td>Color<\/td>\n<td>Plata Estelar<\/td>\n<\/tr>\n<tr>\n<td>Tipo de combustible<\/td>\n<td>Gasolina<\/td>\n<\/tr>\n<tr>\n<td>Puertas<\/td>\n<td>5<\/td>\n<\/tr>\n<tr>\n<td>Transmisi\u00f3n<\/td>\n<td>Mec\u00e1nica<\/td>\n<\/tr>\n<tr>\n<td>Cilindraje<\/td>\n<td>2000cc<\/td>\n<\/tr>\n<tr>\n<td>Kilometros<\/td>\n<td>89.000<\/td>\n<\/tr>\n<\/tbody>\n<\/table>\n<p>&nbsp;<\/p>\n","protected":false},"featured_media":508,"template":"","meta":{"content-type":"","site-sidebar-layout":"default","site-content-layout":"","ast-site-content-layout":"default","site-content-style":"default","site-sidebar-style":"default","ast-global-header-display":"","ast-banner-title-visibility":"","ast-main-header-display":"","ast-hfb-above-header-display":"","ast-hfb-below-header-display":"","ast-hfb-mobile-header-display":"","site-post-title":"","ast-breadcrumbs-content":"","ast-featured-img":"","footer-sml-layout":"","theme-transparent-header-meta":"default","adv-header-id-meta":"","stick-header-meta":"","header-above-stick-meta":"","header-main-stick-meta":"","header-below-stick-meta":"","astra-migrate-meta-layouts":"set","ast-page-background-enabled":"default","ast-page-background-meta":{"desktop":{"background-color":"","background-image":"","background-repeat":"repeat","background-position":"center center","background-size":"auto","background-attachment":"scroll","background-type":"","background-media":"","overlay-type":"","overlay-color":"","overlay-gradient":""},"tablet":{"background-color":"","background-image":"","background-repeat":"repeat","background-position":"center center","background-size":"auto","background-attachment":"scroll","background-type":"","background-media":"","overlay-type":"","overlay-color":"","overlay-gradient":""},"mobile":{"background-color":"","background-image":"","background-repeat":"repeat","background-position":"center center","background-size":"auto","background-attachment":"scroll","background-type":"","background-media":"","overlay-type":"","overlay-color":"","overlay-gradient":""}},"ast-content-background-meta":{"desktop":{"background-color":"var(--ast-global-color-5)","background-image":"","background-repeat":"repeat","background-position":"center center","background-size":"auto","background-attachment":"scroll","background-type":"","background-media":"","overlay-type":"","overlay-color":"","overlay-gradient":""},"tablet":{"background-color":"var(--ast-global-color-5)","background-image":"","background-repeat":"repeat","background-position":"center center","background-size":"auto","background-attachment":"scroll","background-type":"","background-media":"","overlay-type":"","overlay-color":"","overlay-gradient":""},"mobile":{"background-color":"var(--ast-global-color-5)","background-image":"","background-repeat":"repeat","background-position":"center center","background-size":"auto","background-attachment":"scroll","background-type":"","background-media":"","overlay-type":"","overlay-color":"","overlay-gradient":""}}},"pwb-brand":[],"product_cat":[22],"product_tag":[],"class_list":{"0":"post-506","1":"product","2":"type-product","3":"status-publish","4":"has-post-thumbnail","6":"product_cat-usadoparticular","7":"desktop-align-left","8":"tablet-align-left","9":"mobile-align-left","11":"first","12":"instock","13":"sale","14":"sold-individually","15":"shipping-taxable","16":"purchasable","17":"product-type-simple"},"yoast_head":"<!-- This site is optimized with the Yoast SEO plugin v23.9 - https:\/\/yoast.com\/wordpress\/plugins\/seo\/ -->\n<title>Mazda CX5 Prime - modelo 2016 - Portafolio de Carlos Daniel Sanchez<\/title>\n<meta name=\"robots\" content=\"index, follow, max-snippet:-1, max-image-preview:large, max-video-preview:-1\" \/>\n<link rel=\"canonical\" href=\"https:\/\/carlosdanielsanchez.com\/index.php\/producto\/mazda-cx5-prime-modelo-2016\/\" \/>\n<meta property=\"og:locale\" content=\"es_ES\" \/>\n<meta property=\"og:type\" content=\"article\" \/>\n<meta property=\"og:title\" content=\"Mazda CX5 Prime - modelo 2016 - Portafolio de Carlos Daniel Sanchez\" \/>\n<meta property=\"og:description\" content=\"Precio Negociable Detalles del Veh\u00edculo    Caracter\u00edstica Descripci\u00f3n   Marca Mazda   Modelo CX 5   A\u00f1o 2016   Versi\u00f3n Prime   Color Plata Estelar   Tipo de combustible Gasolina   Puertas 5   Transmisi\u00f3n Mec\u00e1nica   Cilindraje 2000cc   Kilometros 89.000    &nbsp;\" \/>\n<meta property=\"og:url\" content=\"https:\/\/carlosdanielsanchez.com\/index.php\/producto\/mazda-cx5-prime-modelo-2016\/\" \/>\n<meta property=\"og:site_name\" content=\"Portafolio de Carlos Daniel Sanchez\" \/>\n<meta property=\"article:modified_time\" content=\"2023-09-18T17:11:06+00:00\" \/>\n<meta property=\"og:image\" content=\"http:\/\/carlosdanielsanchez.com\/wp-content\/uploads\/2023\/09\/Imagen13-1.jpg\" \/>\n\t<meta property=\"og:image:width\" content=\"2200\" \/>\n\t<meta property=\"og:image:height\" content=\"1650\" \/>\n\t<meta property=\"og:image:type\" content=\"image\/jpeg\" \/>\n<meta name=\"twitter:card\" content=\"summary_large_image\" \/>\n<meta name=\"twitter:label1\" content=\"Tiempo de lectura\" \/>\n\t<meta name=\"twitter:data1\" content=\"2 minutos\" \/>\n<script type=\"application\/ld+json\" class=\"yoast-schema-graph\">{\"@context\":\"https:\/\/schema.org\",\"@graph\":[{\"@type\":\"WebPage\",\"@id\":\"https:\/\/carlosdanielsanchez.com\/index.php\/producto\/mazda-cx5-prime-modelo-2016\/\",\"url\":\"https:\/\/carlosdanielsanchez.com\/index.php\/producto\/mazda-cx5-prime-modelo-2016\/\",\"name\":\"Mazda CX5 Prime - modelo 2016 - Portafolio de Carlos Daniel Sanchez\",\"isPartOf\":{\"@id\":\"https:\/\/carlosdanielsanchez.com\/#website\"},\"primaryImageOfPage\":{\"@id\":\"https:\/\/carlosdanielsanchez.com\/index.php\/producto\/mazda-cx5-prime-modelo-2016\/#primaryimage\"},\"image\":{\"@id\":\"https:\/\/carlosdanielsanchez.com\/index.php\/producto\/mazda-cx5-prime-modelo-2016\/#primaryimage\"},\"thumbnailUrl\":\"https:\/\/i0.wp.com\/carlosdanielsanchez.com\/wp-content\/uploads\/2023\/09\/Imagen13-1.jpg?fit=2200%2C1650&ssl=1\",\"datePublished\":\"2023-09-10T17:21:22+00:00\",\"dateModified\":\"2023-09-18T17:11:06+00:00\",\"breadcrumb\":{\"@id\":\"https:\/\/carlosdanielsanchez.com\/index.php\/producto\/mazda-cx5-prime-modelo-2016\/#breadcrumb\"},\"inLanguage\":\"es\",\"potentialAction\":[{\"@type\":\"ReadAction\",\"target\":[\"https:\/\/carlosdanielsanchez.com\/index.php\/producto\/mazda-cx5-prime-modelo-2016\/\"]}]},{\"@type\":\"ImageObject\",\"inLanguage\":\"es\",\"@id\":\"https:\/\/carlosdanielsanchez.com\/index.php\/producto\/mazda-cx5-prime-modelo-2016\/#primaryimage\",\"url\":\"https:\/\/i0.wp.com\/carlosdanielsanchez.com\/wp-content\/uploads\/2023\/09\/Imagen13-1.jpg?fit=2200%2C1650&ssl=1\",\"contentUrl\":\"https:\/\/i0.wp.com\/carlosdanielsanchez.com\/wp-content\/uploads\/2023\/09\/Imagen13-1.jpg?fit=2200%2C1650&ssl=1\",\"width\":2200,\"height\":1650},{\"@type\":\"BreadcrumbList\",\"@id\":\"https:\/\/carlosdanielsanchez.com\/index.php\/producto\/mazda-cx5-prime-modelo-2016\/#breadcrumb\",\"itemListElement\":[{\"@type\":\"ListItem\",\"position\":1,\"name\":\"Portada\",\"item\":\"https:\/\/carlosdanielsanchez.com\/\"},{\"@type\":\"ListItem\",\"position\":2,\"name\":\"Garaje\",\"item\":\"https:\/\/carlosdanielsanchez.com\/index.php\/tienda\/\"},{\"@type\":\"ListItem\",\"position\":3,\"name\":\"Mazda CX5 Prime &#8211; modelo 2016\"}]},{\"@type\":\"WebSite\",\"@id\":\"https:\/\/carlosdanielsanchez.com\/#website\",\"url\":\"https:\/\/carlosdanielsanchez.com\/\",\"name\":\"Portafolio de Carlos Daniel Sanchez\",\"description\":\"Conoce un poco de mi mundo, Autos y Software\",\"publisher\":{\"@id\":\"https:\/\/carlosdanielsanchez.com\/#\/schema\/person\/09532f659feefd3fbf4f127f3889b99a\"},\"potentialAction\":[{\"@type\":\"SearchAction\",\"target\":{\"@type\":\"EntryPoint\",\"urlTemplate\":\"https:\/\/carlosdanielsanchez.com\/?s={search_term_string}\"},\"query-input\":{\"@type\":\"PropertyValueSpecification\",\"valueRequired\":true,\"valueName\":\"search_term_string\"}}],\"inLanguage\":\"es\"},{\"@type\":[\"Person\",\"Organization\"],\"@id\":\"https:\/\/carlosdanielsanchez.com\/#\/schema\/person\/09532f659feefd3fbf4f127f3889b99a\",\"name\":\"Carlos Daniel Sanchez\",\"image\":{\"@type\":\"ImageObject\",\"inLanguage\":\"es\",\"@id\":\"https:\/\/carlosdanielsanchez.com\/#\/schema\/person\/image\/\",\"url\":\"https:\/\/i0.wp.com\/carlosdanielsanchez.com\/wp-content\/uploads\/2021\/04\/cropped-Logo-Carlos-daniel-sanchez.png?fit=400%2C62&ssl=1\",\"contentUrl\":\"https:\/\/i0.wp.com\/carlosdanielsanchez.com\/wp-content\/uploads\/2021\/04\/cropped-Logo-Carlos-daniel-sanchez.png?fit=400%2C62&ssl=1\",\"width\":400,\"height\":62,\"caption\":\"Carlos Daniel Sanchez\"},\"logo\":{\"@id\":\"https:\/\/carlosdanielsanchez.com\/#\/schema\/person\/image\/\"},\"sameAs\":[\"http:\/\/carlosdanielsanchez.com\"]}]}<\/script>\n<!-- \/ Yoast SEO plugin. -->","yoast_head_json":{"title":"Mazda CX5 Prime - modelo 2016 - Portafolio de Carlos Daniel Sanchez","robots":{"index":"index","follow":"follow","max-snippet":"max-snippet:-1","max-image-preview":"max-image-preview:large","max-video-preview":"max-video-preview:-1"},"canonical":"https:\/\/carlosdanielsanchez.com\/index.php\/producto\/mazda-cx5-prime-modelo-2016\/","og_locale":"es_ES","og_type":"article","og_title":"Mazda CX5 Prime - modelo 2016 - Portafolio de Carlos Daniel Sanchez","og_description":"Precio Negociable Detalles del Veh\u00edculo    Caracter\u00edstica Descripci\u00f3n   Marca Mazda   Modelo CX 5   A\u00f1o 2016   Versi\u00f3n Prime   Color Plata Estelar   Tipo de combustible Gasolina   Puertas 5   Transmisi\u00f3n Mec\u00e1nica   Cilindraje 2000cc   Kilometros 89.000    &nbsp;","og_url":"https:\/\/carlosdanielsanchez.com\/index.php\/producto\/mazda-cx5-prime-modelo-2016\/","og_site_name":"Portafolio de Carlos Daniel Sanchez","article_modified_time":"2023-09-18T17:11:06+00:00","og_image":[{"width":2200,"height":1650,"url":"http:\/\/carlosdanielsanchez.com\/wp-content\/uploads\/2023\/09\/Imagen13-1.jpg","type":"image\/jpeg"}],"twitter_card":"summary_large_image","twitter_misc":{"Tiempo de lectura":"2 minutos"},"schema":{"@context":"https:\/\/schema.org","@graph":[{"@type":"WebPage","@id":"https:\/\/carlosdanielsanchez.com\/index.php\/producto\/mazda-cx5-prime-modelo-2016\/","url":"https:\/\/carlosdanielsanchez.com\/index.php\/producto\/mazda-cx5-prime-modelo-2016\/","name":"Mazda CX5 Prime - modelo 2016 - Portafolio de Carlos Daniel Sanchez","isPartOf":{"@id":"https:\/\/carlosdanielsanchez.com\/#website"},"primaryImageOfPage":{"@id":"https:\/\/carlosdanielsanchez.com\/index.php\/producto\/mazda-cx5-prime-modelo-2016\/#primaryimage"},"image":{"@id":"https:\/\/carlosdanielsanchez.com\/index.php\/producto\/mazda-cx5-prime-modelo-2016\/#primaryimage"},"thumbnailUrl":"https:\/\/i0.wp.com\/carlosdanielsanchez.com\/wp-content\/uploads\/2023\/09\/Imagen13-1.jpg?fit=2200%2C1650&ssl=1","datePublished":"2023-09-10T17:21:22+00:00","dateModified":"2023-09-18T17:11:06+00:00","breadcrumb":{"@id":"https:\/\/carlosdanielsanchez.com\/index.php\/producto\/mazda-cx5-prime-modelo-2016\/#breadcrumb"},"inLanguage":"es","potentialAction":[{"@type":"ReadAction","target":["https:\/\/carlosdanielsanchez.com\/index.php\/producto\/mazda-cx5-prime-modelo-2016\/"]}]},{"@type":"ImageObject","inLanguage":"es","@id":"https:\/\/carlosdanielsanchez.com\/index.php\/producto\/mazda-cx5-prime-modelo-2016\/#primaryimage","url":"https:\/\/i0.wp.com\/carlosdanielsanchez.com\/wp-content\/uploads\/2023\/09\/Imagen13-1.jpg?fit=2200%2C1650&ssl=1","contentUrl":"https:\/\/i0.wp.com\/carlosdanielsanchez.com\/wp-content\/uploads\/2023\/09\/Imagen13-1.jpg?fit=2200%2C1650&ssl=1","width":2200,"height":1650},{"@type":"BreadcrumbList","@id":"https:\/\/carlosdanielsanchez.com\/index.php\/producto\/mazda-cx5-prime-modelo-2016\/#breadcrumb","itemListElement":[{"@type":"ListItem","position":1,"name":"Portada","item":"https:\/\/carlosdanielsanchez.com\/"},{"@type":"ListItem","position":2,"name":"Garaje","item":"https:\/\/carlosdanielsanchez.com\/index.php\/tienda\/"},{"@type":"ListItem","position":3,"name":"Mazda CX5 Prime &#8211; modelo 2016"}]},{"@type":"WebSite","@id":"https:\/\/carlosdanielsanchez.com\/#website","url":"https:\/\/carlosdanielsanchez.com\/","name":"Portafolio de Carlos Daniel Sanchez","description":"Conoce un poco de mi mundo, Autos y Software","publisher":{"@id":"https:\/\/carlosdanielsanchez.com\/#\/schema\/person\/09532f659feefd3fbf4f127f3889b99a"},"potentialAction":[{"@type":"SearchAction","target":{"@type":"EntryPoint","urlTemplate":"https:\/\/carlosdanielsanchez.com\/?s={search_term_string}"},"query-input":{"@type":"PropertyValueSpecification","valueRequired":true,"valueName":"search_term_string"}}],"inLanguage":"es"},{"@type":["Person","Organization"],"@id":"https:\/\/carlosdanielsanchez.com\/#\/schema\/person\/09532f659feefd3fbf4f127f3889b99a","name":"Carlos Daniel Sanchez","image":{"@type":"ImageObject","inLanguage":"es","@id":"https:\/\/carlosdanielsanchez.com\/#\/schema\/person\/image\/","url":"https:\/\/i0.wp.com\/carlosdanielsanchez.com\/wp-content\/uploads\/2021\/04\/cropped-Logo-Carlos-daniel-sanchez.png?fit=400%2C62&ssl=1","contentUrl":"https:\/\/i0.wp.com\/carlosdanielsanchez.com\/wp-content\/uploads\/2021\/04\/cropped-Logo-Carlos-daniel-sanchez.png?fit=400%2C62&ssl=1","width":400,"height":62,"caption":"Carlos Daniel Sanchez"},"logo":{"@id":"https:\/\/carlosdanielsanchez.com\/#\/schema\/person\/image\/"},"sameAs":["http:\/\/carlosdanielsanchez.com"]}]}},"jetpack_sharing_enabled":true,"jetpack-related-posts":[],"brands":[],"_links":{"self":[{"href":"https:\/\/carlosdanielsanchez.com\/index.php\/wp-json\/wp\/v2\/product\/506"}],"collection":[{"href":"https:\/\/carlosdanielsanchez.com\/index.php\/wp-json\/wp\/v2\/product"}],"about":[{"href":"https:\/\/carlosdanielsanchez.com\/index.php\/wp-json\/wp\/v2\/types\/product"}],"wp:featuredmedia":[{"embeddable":true,"href":"https:\/\/carlosdanielsanchez.com\/index.php\/wp-json\/wp\/v2\/media\/508"}],"wp:attachment":[{"href":"https:\/\/carlosdanielsanchez.com\/index.php\/wp-json\/wp\/v2\/media?parent=506"}],"wp:term":[{"taxonomy":"pwb-brand","embeddable":true,"href":"https:\/\/carlosdanielsanchez.com\/index.php\/wp-json\/wp\/v2\/pwb-brand?post=506"},{"taxonomy":"product_cat","embeddable":true,"href":"https:\/\/carlosdanielsanchez.com\/index.php\/wp-json\/wp\/v2\/product_cat?post=506"},{"taxonomy":"product_tag","embeddable":true,"href":"https:\/\/carlosdanielsanchez.com\/index.php\/wp-json\/wp\/v2\/product_tag?post=506"}],"curies":[{"name":"wp","href":"https:\/\/api.w.org\/{rel}","templated":true}]}}