{"id":934,"date":"2023-10-30T09:35:30","date_gmt":"2023-10-30T14:35:30","guid":{"rendered":"https:\/\/carlosdanielsanchez.com\/?post_type=product&#038;p=934"},"modified":"2024-02-08T16:57:03","modified_gmt":"2024-02-08T21:57:03","slug":"honda-wr-v-1-500cc-automatico-modelo-2020-km-57-000","status":"publish","type":"product","link":"https:\/\/carlosdanielsanchez.com\/index.php\/producto\/honda-wr-v-1-500cc-automatico-modelo-2020-km-57-000\/","title":{"rendered":"Honda WR-V 1.500cc Automatico -Modelo 2020 &#8211; km 57.000"},"content":{"rendered":"","protected":false},"excerpt":{"rendered":"<p class=\"price\">Unica Due\u00f1a<\/p>\n<div class=\"woocommerce-product-details__short-description\">\n<h3>Detalles del Veh\u00edculo<\/h3>\n<table>\n<tbody>\n<tr>\n<th>Caracter\u00edstica<\/th>\n<th>Descripci\u00f3n<\/th>\n<\/tr>\n<tr>\n<td>Marca<\/td>\n<td>Honda<\/td>\n<\/tr>\n<tr>\n<td>Modelo<\/td>\n<td>\n<h4>Honda WR-V<\/h4>\n<\/td>\n<\/tr>\n<tr>\n<td>A\u00f1o<\/td>\n<td>2020<\/td>\n<\/tr>\n<tr>\n<td>Versi\u00f3n<\/td>\n<td>\n<h4>LX<\/h4>\n<\/td>\n<\/tr>\n<tr>\n<td>Color<\/td>\n<td>PLATA LUNAR<\/td>\n<\/tr>\n<tr>\n<td>Tipo de combustible<\/td>\n<td>Gasolina<\/td>\n<\/tr>\n<tr>\n<td>Puertas<\/td>\n<td>5<\/td>\n<\/tr>\n<tr>\n<td>Transmisi\u00f3n<\/td>\n<td>Automatica<\/td>\n<\/tr>\n<tr>\n<td>Cilindraje<\/td>\n<td>1496cc<\/td>\n<\/tr>\n<tr>\n<td>Kilometros<\/td>\n<td>57.000 kms<\/td>\n<\/tr>\n<tr>\n<td>Potencia<\/td>\n<td>118 hp<\/td>\n<\/tr>\n<tr>\n<td>Combustible<\/td>\n<td>Gasolina<\/td>\n<\/tr>\n<tr>\n<td>Tracci\u00f3n<\/td>\n<td>4\u00d72<\/td>\n<\/tr>\n<tr>\n<td>Airbag<\/td>\n<td>2<\/td>\n<\/tr>\n<\/tbody>\n<\/table>\n<\/div>\n","protected":false},"featured_media":924,"template":"","meta":{"content-type":"","site-sidebar-layout":"default","site-content-layout":"","ast-site-content-layout":"default","site-content-style":"default","site-sidebar-style":"default","ast-global-header-display":"","ast-banner-title-visibility":"","ast-main-header-display":"","ast-hfb-above-header-display":"","ast-hfb-below-header-display":"","ast-hfb-mobile-header-display":"","site-post-title":"","ast-breadcrumbs-content":"","ast-featured-img":"","footer-sml-layout":"","theme-transparent-header-meta":"default","adv-header-id-meta":"","stick-header-meta":"","header-above-stick-meta":"","header-main-stick-meta":"","header-below-stick-meta":"","astra-migrate-meta-layouts":"set","ast-page-background-enabled":"default","ast-page-background-meta":{"desktop":{"background-color":"","background-image":"","background-repeat":"repeat","background-position":"center center","background-size":"auto","background-attachment":"scroll","background-type":"","background-media":"","overlay-type":"","overlay-color":"","overlay-gradient":""},"tablet":{"background-color":"","background-image":"","background-repeat":"repeat","background-position":"center center","background-size":"auto","background-attachment":"scroll","background-type":"","background-media":"","overlay-type":"","overlay-color":"","overlay-gradient":""},"mobile":{"background-color":"","background-image":"","background-repeat":"repeat","background-position":"center center","background-size":"auto","background-attachment":"scroll","background-type":"","background-media":"","overlay-type":"","overlay-color":"","overlay-gradient":""}},"ast-content-background-meta":{"desktop":{"background-color":"var(--ast-global-color-5)","background-image":"","background-repeat":"repeat","background-position":"center center","background-size":"auto","background-attachment":"scroll","background-type":"","background-media":"","overlay-type":"","overlay-color":"","overlay-gradient":""},"tablet":{"background-color":"var(--ast-global-color-5)","background-image":"","background-repeat":"repeat","background-position":"center center","background-size":"auto","background-attachment":"scroll","background-type":"","background-media":"","overlay-type":"","overlay-color":"","overlay-gradient":""},"mobile":{"background-color":"var(--ast-global-color-5)","background-image":"","background-repeat":"repeat","background-position":"center center","background-size":"auto","background-attachment":"scroll","background-type":"","background-media":"","overlay-type":"","overlay-color":"","overlay-gradient":""}}},"pwb-brand":[],"product_cat":[22],"product_tag":[32,33],"class_list":{"0":"post-934","1":"product","2":"type-product","3":"status-publish","4":"has-post-thumbnail","6":"product_cat-usadoparticular","7":"product_tag-honda","8":"product_tag-wrv","9":"desktop-align-left","10":"tablet-align-left","11":"mobile-align-left","13":"first","14":"instock","15":"sold-individually","16":"shipping-taxable","17":"purchasable","18":"product-type-simple"},"yoast_head":"<!-- This site is optimized with the Yoast SEO plugin v23.9 - https:\/\/yoast.com\/wordpress\/plugins\/seo\/ -->\n<title>Honda WR-V 1.500cc Automatico -Modelo 2020 - km 57.000 - Portafolio de Carlos Daniel Sanchez<\/title>\n<meta name=\"robots\" content=\"index, follow, max-snippet:-1, max-image-preview:large, max-video-preview:-1\" \/>\n<link rel=\"canonical\" href=\"https:\/\/carlosdanielsanchez.com\/index.php\/producto\/honda-wr-v-1-500cc-automatico-modelo-2020-km-57-000\/\" \/>\n<meta property=\"og:locale\" content=\"es_ES\" \/>\n<meta property=\"og:type\" content=\"article\" \/>\n<meta property=\"og:title\" content=\"Honda WR-V 1.500cc Automatico -Modelo 2020 - km 57.000 - Portafolio de Carlos Daniel Sanchez\" \/>\n<meta property=\"og:description\" content=\"Unica Due\u00f1a   Detalles del Veh\u00edculo    Caracter\u00edstica Descripci\u00f3n   Marca Honda   Modelo  Honda WR-V    A\u00f1o 2020   Versi\u00f3n  LX    Color PLATA LUNAR   Tipo de combustible Gasolina   Puertas 5   Transmisi\u00f3n Automatica   Cilindraje 1496cc   Kilometros 57.000 kms   Potencia 118 hp   Combustible Gasolina   Tracci\u00f3n 4\u00d72   Airbag 2\" \/>\n<meta property=\"og:url\" content=\"https:\/\/carlosdanielsanchez.com\/index.php\/producto\/honda-wr-v-1-500cc-automatico-modelo-2020-km-57-000\/\" \/>\n<meta property=\"og:site_name\" content=\"Portafolio de Carlos Daniel Sanchez\" \/>\n<meta property=\"article:modified_time\" content=\"2024-02-08T21:57:03+00:00\" \/>\n<meta property=\"og:image\" content=\"http:\/\/carlosdanielsanchez.com\/wp-content\/uploads\/2023\/10\/IMG-20231027-WA0071.jpg\" \/>\n\t<meta property=\"og:image:width\" content=\"1600\" \/>\n\t<meta property=\"og:image:height\" content=\"900\" \/>\n\t<meta property=\"og:image:type\" content=\"image\/jpeg\" \/>\n<meta name=\"twitter:card\" content=\"summary_large_image\" \/>\n<script type=\"application\/ld+json\" class=\"yoast-schema-graph\">{\"@context\":\"https:\/\/schema.org\",\"@graph\":[{\"@type\":\"WebPage\",\"@id\":\"https:\/\/carlosdanielsanchez.com\/index.php\/producto\/honda-wr-v-1-500cc-automatico-modelo-2020-km-57-000\/\",\"url\":\"https:\/\/carlosdanielsanchez.com\/index.php\/producto\/honda-wr-v-1-500cc-automatico-modelo-2020-km-57-000\/\",\"name\":\"Honda WR-V 1.500cc Automatico -Modelo 2020 - km 57.000 - Portafolio de Carlos Daniel Sanchez\",\"isPartOf\":{\"@id\":\"https:\/\/carlosdanielsanchez.com\/#website\"},\"primaryImageOfPage\":{\"@id\":\"https:\/\/carlosdanielsanchez.com\/index.php\/producto\/honda-wr-v-1-500cc-automatico-modelo-2020-km-57-000\/#primaryimage\"},\"image\":{\"@id\":\"https:\/\/carlosdanielsanchez.com\/index.php\/producto\/honda-wr-v-1-500cc-automatico-modelo-2020-km-57-000\/#primaryimage\"},\"thumbnailUrl\":\"https:\/\/i0.wp.com\/carlosdanielsanchez.com\/wp-content\/uploads\/2023\/10\/IMG-20231027-WA0071.jpg?fit=1600%2C900&ssl=1\",\"datePublished\":\"2023-10-30T14:35:30+00:00\",\"dateModified\":\"2024-02-08T21:57:03+00:00\",\"breadcrumb\":{\"@id\":\"https:\/\/carlosdanielsanchez.com\/index.php\/producto\/honda-wr-v-1-500cc-automatico-modelo-2020-km-57-000\/#breadcrumb\"},\"inLanguage\":\"es\",\"potentialAction\":[{\"@type\":\"ReadAction\",\"target\":[\"https:\/\/carlosdanielsanchez.com\/index.php\/producto\/honda-wr-v-1-500cc-automatico-modelo-2020-km-57-000\/\"]}]},{\"@type\":\"ImageObject\",\"inLanguage\":\"es\",\"@id\":\"https:\/\/carlosdanielsanchez.com\/index.php\/producto\/honda-wr-v-1-500cc-automatico-modelo-2020-km-57-000\/#primaryimage\",\"url\":\"https:\/\/i0.wp.com\/carlosdanielsanchez.com\/wp-content\/uploads\/2023\/10\/IMG-20231027-WA0071.jpg?fit=1600%2C900&ssl=1\",\"contentUrl\":\"https:\/\/i0.wp.com\/carlosdanielsanchez.com\/wp-content\/uploads\/2023\/10\/IMG-20231027-WA0071.jpg?fit=1600%2C900&ssl=1\",\"width\":1600,\"height\":900},{\"@type\":\"BreadcrumbList\",\"@id\":\"https:\/\/carlosdanielsanchez.com\/index.php\/producto\/honda-wr-v-1-500cc-automatico-modelo-2020-km-57-000\/#breadcrumb\",\"itemListElement\":[{\"@type\":\"ListItem\",\"position\":1,\"name\":\"Portada\",\"item\":\"https:\/\/carlosdanielsanchez.com\/\"},{\"@type\":\"ListItem\",\"position\":2,\"name\":\"Garaje\",\"item\":\"https:\/\/carlosdanielsanchez.com\/index.php\/tienda\/\"},{\"@type\":\"ListItem\",\"position\":3,\"name\":\"Honda WR-V 1.500cc Automatico -Modelo 2020 &#8211; km 57.000\"}]},{\"@type\":\"WebSite\",\"@id\":\"https:\/\/carlosdanielsanchez.com\/#website\",\"url\":\"https:\/\/carlosdanielsanchez.com\/\",\"name\":\"Portafolio de Carlos Daniel Sanchez\",\"description\":\"Conoce un poco de mi mundo, Autos y Software\",\"publisher\":{\"@id\":\"https:\/\/carlosdanielsanchez.com\/#\/schema\/person\/09532f659feefd3fbf4f127f3889b99a\"},\"potentialAction\":[{\"@type\":\"SearchAction\",\"target\":{\"@type\":\"EntryPoint\",\"urlTemplate\":\"https:\/\/carlosdanielsanchez.com\/?s={search_term_string}\"},\"query-input\":{\"@type\":\"PropertyValueSpecification\",\"valueRequired\":true,\"valueName\":\"search_term_string\"}}],\"inLanguage\":\"es\"},{\"@type\":[\"Person\",\"Organization\"],\"@id\":\"https:\/\/carlosdanielsanchez.com\/#\/schema\/person\/09532f659feefd3fbf4f127f3889b99a\",\"name\":\"Carlos Daniel Sanchez\",\"image\":{\"@type\":\"ImageObject\",\"inLanguage\":\"es\",\"@id\":\"https:\/\/carlosdanielsanchez.com\/#\/schema\/person\/image\/\",\"url\":\"https:\/\/i0.wp.com\/carlosdanielsanchez.com\/wp-content\/uploads\/2021\/04\/cropped-Logo-Carlos-daniel-sanchez.png?fit=400%2C62&ssl=1\",\"contentUrl\":\"https:\/\/i0.wp.com\/carlosdanielsanchez.com\/wp-content\/uploads\/2021\/04\/cropped-Logo-Carlos-daniel-sanchez.png?fit=400%2C62&ssl=1\",\"width\":400,\"height\":62,\"caption\":\"Carlos Daniel Sanchez\"},\"logo\":{\"@id\":\"https:\/\/carlosdanielsanchez.com\/#\/schema\/person\/image\/\"},\"sameAs\":[\"http:\/\/carlosdanielsanchez.com\"]}]}<\/script>\n<!-- \/ Yoast SEO plugin. -->","yoast_head_json":{"title":"Honda WR-V 1.500cc Automatico -Modelo 2020 - km 57.000 - Portafolio de Carlos Daniel Sanchez","robots":{"index":"index","follow":"follow","max-snippet":"max-snippet:-1","max-image-preview":"max-image-preview:large","max-video-preview":"max-video-preview:-1"},"canonical":"https:\/\/carlosdanielsanchez.com\/index.php\/producto\/honda-wr-v-1-500cc-automatico-modelo-2020-km-57-000\/","og_locale":"es_ES","og_type":"article","og_title":"Honda WR-V 1.500cc Automatico -Modelo 2020 - km 57.000 - Portafolio de Carlos Daniel Sanchez","og_description":"Unica Due\u00f1a   Detalles del Veh\u00edculo    Caracter\u00edstica Descripci\u00f3n   Marca Honda   Modelo  Honda WR-V    A\u00f1o 2020   Versi\u00f3n  LX    Color PLATA LUNAR   Tipo de combustible Gasolina   Puertas 5   Transmisi\u00f3n Automatica   Cilindraje 1496cc   Kilometros 57.000 kms   Potencia 118 hp   Combustible Gasolina   Tracci\u00f3n 4\u00d72   Airbag 2","og_url":"https:\/\/carlosdanielsanchez.com\/index.php\/producto\/honda-wr-v-1-500cc-automatico-modelo-2020-km-57-000\/","og_site_name":"Portafolio de Carlos Daniel Sanchez","article_modified_time":"2024-02-08T21:57:03+00:00","og_image":[{"width":1600,"height":900,"url":"http:\/\/carlosdanielsanchez.com\/wp-content\/uploads\/2023\/10\/IMG-20231027-WA0071.jpg","type":"image\/jpeg"}],"twitter_card":"summary_large_image","schema":{"@context":"https:\/\/schema.org","@graph":[{"@type":"WebPage","@id":"https:\/\/carlosdanielsanchez.com\/index.php\/producto\/honda-wr-v-1-500cc-automatico-modelo-2020-km-57-000\/","url":"https:\/\/carlosdanielsanchez.com\/index.php\/producto\/honda-wr-v-1-500cc-automatico-modelo-2020-km-57-000\/","name":"Honda WR-V 1.500cc Automatico -Modelo 2020 - km 57.000 - Portafolio de Carlos Daniel Sanchez","isPartOf":{"@id":"https:\/\/carlosdanielsanchez.com\/#website"},"primaryImageOfPage":{"@id":"https:\/\/carlosdanielsanchez.com\/index.php\/producto\/honda-wr-v-1-500cc-automatico-modelo-2020-km-57-000\/#primaryimage"},"image":{"@id":"https:\/\/carlosdanielsanchez.com\/index.php\/producto\/honda-wr-v-1-500cc-automatico-modelo-2020-km-57-000\/#primaryimage"},"thumbnailUrl":"https:\/\/i0.wp.com\/carlosdanielsanchez.com\/wp-content\/uploads\/2023\/10\/IMG-20231027-WA0071.jpg?fit=1600%2C900&ssl=1","datePublished":"2023-10-30T14:35:30+00:00","dateModified":"2024-02-08T21:57:03+00:00","breadcrumb":{"@id":"https:\/\/carlosdanielsanchez.com\/index.php\/producto\/honda-wr-v-1-500cc-automatico-modelo-2020-km-57-000\/#breadcrumb"},"inLanguage":"es","potentialAction":[{"@type":"ReadAction","target":["https:\/\/carlosdanielsanchez.com\/index.php\/producto\/honda-wr-v-1-500cc-automatico-modelo-2020-km-57-000\/"]}]},{"@type":"ImageObject","inLanguage":"es","@id":"https:\/\/carlosdanielsanchez.com\/index.php\/producto\/honda-wr-v-1-500cc-automatico-modelo-2020-km-57-000\/#primaryimage","url":"https:\/\/i0.wp.com\/carlosdanielsanchez.com\/wp-content\/uploads\/2023\/10\/IMG-20231027-WA0071.jpg?fit=1600%2C900&ssl=1","contentUrl":"https:\/\/i0.wp.com\/carlosdanielsanchez.com\/wp-content\/uploads\/2023\/10\/IMG-20231027-WA0071.jpg?fit=1600%2C900&ssl=1","width":1600,"height":900},{"@type":"BreadcrumbList","@id":"https:\/\/carlosdanielsanchez.com\/index.php\/producto\/honda-wr-v-1-500cc-automatico-modelo-2020-km-57-000\/#breadcrumb","itemListElement":[{"@type":"ListItem","position":1,"name":"Portada","item":"https:\/\/carlosdanielsanchez.com\/"},{"@type":"ListItem","position":2,"name":"Garaje","item":"https:\/\/carlosdanielsanchez.com\/index.php\/tienda\/"},{"@type":"ListItem","position":3,"name":"Honda WR-V 1.500cc Automatico -Modelo 2020 &#8211; km 57.000"}]},{"@type":"WebSite","@id":"https:\/\/carlosdanielsanchez.com\/#website","url":"https:\/\/carlosdanielsanchez.com\/","name":"Portafolio de Carlos Daniel Sanchez","description":"Conoce un poco de mi mundo, Autos y Software","publisher":{"@id":"https:\/\/carlosdanielsanchez.com\/#\/schema\/person\/09532f659feefd3fbf4f127f3889b99a"},"potentialAction":[{"@type":"SearchAction","target":{"@type":"EntryPoint","urlTemplate":"https:\/\/carlosdanielsanchez.com\/?s={search_term_string}"},"query-input":{"@type":"PropertyValueSpecification","valueRequired":true,"valueName":"search_term_string"}}],"inLanguage":"es"},{"@type":["Person","Organization"],"@id":"https:\/\/carlosdanielsanchez.com\/#\/schema\/person\/09532f659feefd3fbf4f127f3889b99a","name":"Carlos Daniel Sanchez","image":{"@type":"ImageObject","inLanguage":"es","@id":"https:\/\/carlosdanielsanchez.com\/#\/schema\/person\/image\/","url":"https:\/\/i0.wp.com\/carlosdanielsanchez.com\/wp-content\/uploads\/2021\/04\/cropped-Logo-Carlos-daniel-sanchez.png?fit=400%2C62&ssl=1","contentUrl":"https:\/\/i0.wp.com\/carlosdanielsanchez.com\/wp-content\/uploads\/2021\/04\/cropped-Logo-Carlos-daniel-sanchez.png?fit=400%2C62&ssl=1","width":400,"height":62,"caption":"Carlos Daniel Sanchez"},"logo":{"@id":"https:\/\/carlosdanielsanchez.com\/#\/schema\/person\/image\/"},"sameAs":["http:\/\/carlosdanielsanchez.com"]}]}},"jetpack_sharing_enabled":true,"jetpack-related-posts":[],"brands":[],"_links":{"self":[{"href":"https:\/\/carlosdanielsanchez.com\/index.php\/wp-json\/wp\/v2\/product\/934"}],"collection":[{"href":"https:\/\/carlosdanielsanchez.com\/index.php\/wp-json\/wp\/v2\/product"}],"about":[{"href":"https:\/\/carlosdanielsanchez.com\/index.php\/wp-json\/wp\/v2\/types\/product"}],"wp:featuredmedia":[{"embeddable":true,"href":"https:\/\/carlosdanielsanchez.com\/index.php\/wp-json\/wp\/v2\/media\/924"}],"wp:attachment":[{"href":"https:\/\/carlosdanielsanchez.com\/index.php\/wp-json\/wp\/v2\/media?parent=934"}],"wp:term":[{"taxonomy":"pwb-brand","embeddable":true,"href":"https:\/\/carlosdanielsanchez.com\/index.php\/wp-json\/wp\/v2\/pwb-brand?post=934"},{"taxonomy":"product_cat","embeddable":true,"href":"https:\/\/carlosdanielsanchez.com\/index.php\/wp-json\/wp\/v2\/product_cat?post=934"},{"taxonomy":"product_tag","embeddable":true,"href":"https:\/\/carlosdanielsanchez.com\/index.php\/wp-json\/wp\/v2\/product_tag?post=934"}],"curies":[{"name":"wp","href":"https:\/\/api.w.org\/{rel}","templated":true}]}}